{"id":2,"date":"2009-05-27T21:37:04","date_gmt":"2009-05-27T19:37:04","guid":{"rendered":"http:\/\/www.spokes.de\/?page_id=2"},"modified":"2013-02-22T00:50:32","modified_gmt":"2013-02-21T22:50:32","slug":"ueber-mich","status":"publish","type":"page","link":"http:\/\/www.spokes.de\/?page_id=2","title":{"rendered":"Impressum"},"content":{"rendered":"<div>\n<h2><strong>Impressum<\/strong><\/h2>\n<p>Alexander Dierig<br \/>\nFalkenseer Str.28<br \/>\n14621 Sch\u00f6nwalde<\/p>\n<p>Email: alex[at]spokes.de<\/p>\n<p><strong>Haftungshinweis:<\/strong><\/p>\n<p>Trotz sorgf\u00e4ltiger inhaltlicher Kontrolle \u00fcbernehmen wir keine Haftung f\u00fcr die Inhalte externer Links. F\u00fcr den Inhalt der verlinkten Seiten sind ausschlie\u00dflich deren Betreiber verantwortlich.<\/p>\n<\/div>\n","protected":false},"excerpt":{"rendered":"<p>Impressum Alexander Dierig Falkenseer Str.28 14621 Sch\u00f6nwalde Email: alex[at]spokes.de Haftungshinweis: Trotz sorgf\u00e4ltiger inhaltlicher Kontrolle \u00fcbernehmen wir keine Haftung f\u00fcr die Inhalte externer Links. F\u00fcr den Inhalt der verlinkten Seiten sind ausschlie\u00dflich deren Betreiber verantwortlich.<\/p>\n","protected":false},"author":2,"featured_media":0,"parent":0,"menu_order":0,"comment_status":"closed","ping_status":"closed","template":"","meta":{"ngg_post_thumbnail":0},"_links":{"self":[{"href":"http:\/\/www.spokes.de\/index.php?rest_route=\/wp\/v2\/pages\/2"}],"collection":[{"href":"http:\/\/www.spokes.de\/index.php?rest_route=\/wp\/v2\/pages"}],"about":[{"href":"http:\/\/www.spokes.de\/index.php?rest_route=\/wp\/v2\/types\/page"}],"author":[{"embeddable":true,"href":"http:\/\/www.spokes.de\/index.php?rest_route=\/wp\/v2\/users\/2"}],"replies":[{"embeddable":true,"href":"http:\/\/www.spokes.de\/index.php?rest_route=%2Fwp%2Fv2%2Fcomments&post=2"}],"version-history":[{"count":9,"href":"http:\/\/www.spokes.de\/index.php?rest_route=\/wp\/v2\/pages\/2\/revisions"}],"predecessor-version":[{"id":1534,"href":"http:\/\/www.spokes.de\/index.php?rest_route=\/wp\/v2\/pages\/2\/revisions\/1534"}],"wp:attachment":[{"href":"http:\/\/www.spokes.de\/index.php?rest_route=%2Fwp%2Fv2%2Fmedia&parent=2"}],"curies":[{"name":"wp","href":"https:\/\/api.w.org\/{rel}","templated":true}]}}